{"id":812,"date":"2025-01-20T11:06:18","date_gmt":"2025-01-20T10:06:18","guid":{"rendered":"https:\/\/wamigrooming.com\/privacy-policy\/"},"modified":"2025-05-06T15:01:57","modified_gmt":"2025-05-06T13:01:57","slug":"politique-de-confidentialite","status":"publish","type":"page","link":"https:\/\/wamigrooming.com\/fr\/politique-de-confidentialite\/","title":{"rendered":"Politique de confidentialit\u00e9"},"content":{"rendered":"\r\n<h3 class=\"wp-block-heading\"><strong>1. Introduction<\/strong><\/h3>\r\n<p>Chez WAMI Grooming, nous accordons une grande importance \u00e0 la protection de votre vie priv\u00e9e et de vos donn\u00e9es personnelles. Cette politique de confidentialit\u00e9 explique comment nous collectons, utilisons, stockons et prot\u00e9geons vos informations lorsque vous utilisez notre site web et nos services.<\/p>\r\n<h3><strong>2. Informations que nous collectons<\/strong><\/h3>\r\n<h4><strong>2.1 Donn\u00e9es de navigation<\/strong> Lorsque vous visitez notre site web, nous pouvons collecter automatiquement certaines informations techniques, notamment\u00a0:<\/h4>\r\n<ul data-spread=\"false\">\r\n<li>L&rsquo;adresse IP de votre appareil,<\/li>\r\n<li>Le type et la version du navigateur,<\/li>\r\n<li>Les pages visit\u00e9es et le temps pass\u00e9 sur chaque page,<\/li>\r\n<li>Les donn\u00e9es de connexion et les pr\u00e9f\u00e9rences d&rsquo;affichage.<\/li>\r\n<\/ul>\r\n<h4><strong>2.2 Donn\u00e9es personnelles fournies par les utilisateurs<\/strong> Nous pouvons collecter les informations suivantes lorsque vous utilisez nos services\u00a0:<\/h4>\r\n<ul data-spread=\"false\">\r\n<li>Pr\u00e9nom et nom,<\/li>\r\n<li>Adresse e-mail et num\u00e9ro de t\u00e9l\u00e9phone,<\/li>\r\n<li>Adresse postale (le cas \u00e9ch\u00e9ant),<\/li>\r\n<li>Informations de paiement.<\/li>\r\n<\/ul>\r\n<h3><strong>3. Base juridique du traitement des donn\u00e9es<\/strong><\/h3>\r\n<p>Nous collectons et traitons vos donn\u00e9es personnelles en toute l\u00e9galit\u00e9, notamment lorsque\u00a0:<\/p>\r\n<ul data-spread=\"false\">\r\n<li>Vous avez donn\u00e9 votre consentement explicite\u00a0;<\/li>\r\n<li>Nous devons respecter une obligation l\u00e9gale\u00a0;<\/li>\r\n<li>Cela sert un int\u00e9r\u00eat l\u00e9gitime (par exemple, l\u2019am\u00e9lioration de nos services ou la pr\u00e9vention de la fraude).<\/li>\r\n<\/ul>\r\n<h3><strong>4. Utilisation des informations collect\u00e9es<\/strong><\/h3>\r\n<p>Nous utilisons vos donn\u00e9es pour\u00a0:<\/p>\r\n<ul data-spread=\"false\">\r\n<li>Fournir nos services et traiter vos demandes\u00a0;<\/li>\r\n<li>Vous contacter concernant votre compte ou vos r\u00e9servations\u00a0;<\/li>\r\n<li>Vous envoyer des offres promotionnelles si vous avez donn\u00e9 votre consentement\u00a0;<\/li>\r\n<li>Am\u00e9liorer notre site web et nos services\u00a0;<\/li>\r\n<li>Assurer la s\u00e9curit\u00e9 du site web et pr\u00e9venir la fraude.<\/li>\r\n<\/ul>\r\n<h3><strong>5. Partage de donn\u00e9es avec des tiers<\/strong><\/h3>\r\n<p>WAMI ne partage pas vos donn\u00e9es en dehors de son si\u00e8ge social et de ses salons. Dans des cas exceptionnels, vos donn\u00e9es peuvent \u00eatre partag\u00e9es avec\u00a0:<\/p>\r\n<ul data-spread=\"false\">\r\n<li>Nos prestataires de services (par exemple, h\u00e9bergeurs web, processeurs de paiement)\u00a0;<\/li>\r\n<li>Les autorit\u00e9s r\u00e9glementaires si la loi l&rsquo;exige\u00a0;<\/li>\r\n<li>Nos partenaires marketing si vous avez donn\u00e9 votre consentement.<\/li>\r\n<\/ul>\r\n<p>Nous nous engageons \u00e0 ne jamais vendre vos donn\u00e9es personnelles \u00e0 des tiers.<\/p>\r\n<h3><strong>6. S\u00e9curit\u00e9, protection et stockage des donn\u00e9es<\/strong><\/h3>\r\n<p>Vos donn\u00e9es sont stock\u00e9es en toute s\u00e9curit\u00e9 et conserv\u00e9es uniquement pendant la dur\u00e9e n\u00e9cessaire aux fins pour lesquelles elles ont \u00e9t\u00e9 collect\u00e9es. WAMI met en \u0153uvre toutes les mesures administratives, techniques, physiques et organisationnelles pour prot\u00e9ger vos donn\u00e9es contre toute destruction accidentelle ou non autoris\u00e9e, perte accidentelle, modification, acc\u00e8s et tout autre traitement non autoris\u00e9 des donn\u00e9es personnelles. Les donn\u00e9es sont \u00e9galement prot\u00e9g\u00e9es par des contr\u00f4les d&rsquo;acc\u00e8s techniques et physiques, ainsi que par la mise en \u0153uvre de proc\u00e9dures garantissant une protection ad\u00e9quate.<\/p>\r\n<h3><strong>7. Vos droits<\/strong><\/h3>\r\n<p>Conform\u00e9ment \u00e0 la r\u00e9glementation applicable, vous disposez des droits suivants concernant vos donn\u00e9es\u00a0:<\/p>\r\n<ul data-spread=\"false\">\r\n<li><strong>Acc\u00e8s\u00a0:<\/strong> Vous pouvez demander une copie des donn\u00e9es que nous d\u00e9tenons \u00e0 votre sujet.<\/li>\r\n<li><strong>Correction\u00a0:<\/strong> Vous pouvez demander la correction de donn\u00e9es inexactes ou incompl\u00e8tes.<\/li>\r\n<li><strong>Suppression\u00a0:<\/strong> Vous pouvez demander la suppression de vos donn\u00e9es sous certaines conditions.<\/li>\r\n<li><strong>Opposition\u00a0:<\/strong> Vous pouvez vous opposer au traitement de vos donn\u00e9es \u00e0 des fins de marketing.<\/li>\r\n<li><strong>Portabilit\u00e9\u00a0:<\/strong> Vous pouvez demander \u00e0 recevoir vos donn\u00e9es dans un format structur\u00e9.<\/li>\r\n<\/ul>\r\n<p>Pour exercer vos droits ou demander une modification, veuillez nous contacter \u00e0 l\u2019adresse <a><strong>info@wamigrooming.com<\/strong><\/a>.<\/p>\r\n<h3><strong>8. Cookies et technologies de suivi<\/strong><\/h3>\r\n<p>Nous utilisons des cookies pour am\u00e9liorer votre exp\u00e9rience sur notre site web. Pour plus d&rsquo;informations, veuillez consulter notre <strong>Politique relative aux cookies<\/strong>.<\/p>\r\n<h3><strong>9. Modifications de la politique de confidentialit\u00e9<\/strong><\/h3>\r\n<p>Nous nous r\u00e9servons le droit de modifier cette politique \u00e0 tout moment. Les modifications seront publi\u00e9es sur cette page avec la date de mise \u00e0 jour.<\/p>\r\n<h3><strong>10. Contact<\/strong><\/h3>\r\n<p>Pour toute question concernant cette politique de confidentialit\u00e9, vous pouvez nous contacter \u00e0\u00a0:<\/p>\r\n<p><strong>WAMI Grooming<\/strong><br \/>E-mail\u00a0: <a><strong>info@wamigrooming.com<\/strong><\/a><\/p>","protected":false},"excerpt":{"rendered":"<p>1. Introduction Chez WAMI Grooming, nous accordons une grande importance \u00e0 la protection de votre vie priv\u00e9e et de vos donn\u00e9es personnelles. Cette politique de confidentialit\u00e9 explique comment nous collectons, utilisons, stockons et prot\u00e9geons vos informations lorsque vous utilisez notre site web et nos services. 2. Informations que nous collectons 2.1 Donn\u00e9es de navigation Lorsque [&hellip;]<\/p>\n","protected":false},"author":459,"featured_media":0,"parent":0,"menu_order":0,"comment_status":"closed","ping_status":"closed","template":"templates\/template-defaultpage.php","meta":{"_acf_changed":false,"inline_featured_image":false,"_themeisle_gutenberg_block_has_review":false,"footnotes":""},"class_list":["post-812","page","type-page","status-publish","hentry"],"acf":[],"yoast_head":"<!-- This site is optimized with the Yoast SEO plugin v27.2 - https:\/\/yoast.com\/product\/yoast-seo-wordpress\/ -->\n<title>Politique de Confidentialit\u00e9 - WAMI Grooming<\/title>\n<meta name=\"description\" content=\"Consultez notre Politique de Confidentialit\u00e9 pour savoir comment WAMI Grooming collecte, utilise et prot\u00e8ge vos donn\u00e9es personnelles.\" \/>\n<meta name=\"robots\" content=\"index, follow, max-snippet:-1, max-image-preview:large, max-video-preview:-1\" \/>\n<link rel=\"canonical\" href=\"https:\/\/wamigrooming.com\/fr\/politique-de-confidentialite\/\" \/>\n<meta property=\"og:locale\" content=\"fr_FR\" \/>\n<meta property=\"og:type\" content=\"article\" \/>\n<meta property=\"og:title\" content=\"Politique de Confidentialit\u00e9 - WAMI Grooming\" \/>\n<meta property=\"og:description\" content=\"Consultez notre Politique de Confidentialit\u00e9 pour savoir comment WAMI Grooming collecte, utilise et prot\u00e8ge vos donn\u00e9es personnelles.\" \/>\n<meta property=\"og:url\" content=\"https:\/\/wamigrooming.com\/fr\/politique-de-confidentialite\/\" \/>\n<meta property=\"og:site_name\" content=\"Wami\" \/>\n<meta property=\"article:modified_time\" content=\"2025-05-06T13:01:57+00:00\" \/>\n<meta name=\"twitter:card\" content=\"summary_large_image\" \/>\n<meta name=\"twitter:label1\" content=\"Dur\u00e9e de lecture estim\u00e9e\" \/>\n\t<meta name=\"twitter:data1\" content=\"3 minutes\" \/>\n<script type=\"application\/ld+json\" class=\"yoast-schema-graph\">{\"@context\":\"https:\/\/schema.org\",\"@graph\":[{\"@type\":\"WebPage\",\"@id\":\"https:\/\/wamigrooming.com\/fr\/politique-de-confidentialite\/\",\"url\":\"https:\/\/wamigrooming.com\/fr\/politique-de-confidentialite\/\",\"name\":\"Politique de Confidentialit\u00e9 - WAMI Grooming\",\"isPartOf\":{\"@id\":\"https:\/\/wamigrooming.com\/fr\/#website\"},\"datePublished\":\"2025-01-20T10:06:18+00:00\",\"dateModified\":\"2025-05-06T13:01:57+00:00\",\"description\":\"Consultez notre Politique de Confidentialit\u00e9 pour savoir comment WAMI Grooming collecte, utilise et prot\u00e8ge vos donn\u00e9es personnelles.\",\"breadcrumb\":{\"@id\":\"https:\/\/wamigrooming.com\/fr\/politique-de-confidentialite\/#breadcrumb\"},\"inLanguage\":\"fr-FR\",\"potentialAction\":[{\"@type\":\"ReadAction\",\"target\":[\"https:\/\/wamigrooming.com\/fr\/politique-de-confidentialite\/\"]}]},{\"@type\":\"BreadcrumbList\",\"@id\":\"https:\/\/wamigrooming.com\/fr\/politique-de-confidentialite\/#breadcrumb\",\"itemListElement\":[{\"@type\":\"ListItem\",\"position\":1,\"name\":\"Home\",\"item\":\"https:\/\/wamigrooming.com\/fr\/\"},{\"@type\":\"ListItem\",\"position\":2,\"name\":\"Politique de confidentialit\u00e9\"}]},{\"@type\":\"WebSite\",\"@id\":\"https:\/\/wamigrooming.com\/fr\/#website\",\"url\":\"https:\/\/wamigrooming.com\/fr\/\",\"name\":\"Wami\",\"description\":\"\",\"potentialAction\":[{\"@type\":\"SearchAction\",\"target\":{\"@type\":\"EntryPoint\",\"urlTemplate\":\"https:\/\/wamigrooming.com\/fr\/?s={search_term_string}\"},\"query-input\":{\"@type\":\"PropertyValueSpecification\",\"valueRequired\":true,\"valueName\":\"search_term_string\"}}],\"inLanguage\":\"fr-FR\"}]}<\/script>\n<!-- \/ Yoast SEO plugin. -->","yoast_head_json":{"title":"Politique de Confidentialit\u00e9 - WAMI Grooming","description":"Consultez notre Politique de Confidentialit\u00e9 pour savoir comment WAMI Grooming collecte, utilise et prot\u00e8ge vos donn\u00e9es personnelles.","robots":{"index":"index","follow":"follow","max-snippet":"max-snippet:-1","max-image-preview":"max-image-preview:large","max-video-preview":"max-video-preview:-1"},"canonical":"https:\/\/wamigrooming.com\/fr\/politique-de-confidentialite\/","og_locale":"fr_FR","og_type":"article","og_title":"Politique de Confidentialit\u00e9 - WAMI Grooming","og_description":"Consultez notre Politique de Confidentialit\u00e9 pour savoir comment WAMI Grooming collecte, utilise et prot\u00e8ge vos donn\u00e9es personnelles.","og_url":"https:\/\/wamigrooming.com\/fr\/politique-de-confidentialite\/","og_site_name":"Wami","article_modified_time":"2025-05-06T13:01:57+00:00","twitter_card":"summary_large_image","twitter_misc":{"Dur\u00e9e de lecture estim\u00e9e":"3 minutes"},"schema":{"@context":"https:\/\/schema.org","@graph":[{"@type":"WebPage","@id":"https:\/\/wamigrooming.com\/fr\/politique-de-confidentialite\/","url":"https:\/\/wamigrooming.com\/fr\/politique-de-confidentialite\/","name":"Politique de Confidentialit\u00e9 - WAMI Grooming","isPartOf":{"@id":"https:\/\/wamigrooming.com\/fr\/#website"},"datePublished":"2025-01-20T10:06:18+00:00","dateModified":"2025-05-06T13:01:57+00:00","description":"Consultez notre Politique de Confidentialit\u00e9 pour savoir comment WAMI Grooming collecte, utilise et prot\u00e8ge vos donn\u00e9es personnelles.","breadcrumb":{"@id":"https:\/\/wamigrooming.com\/fr\/politique-de-confidentialite\/#breadcrumb"},"inLanguage":"fr-FR","potentialAction":[{"@type":"ReadAction","target":["https:\/\/wamigrooming.com\/fr\/politique-de-confidentialite\/"]}]},{"@type":"BreadcrumbList","@id":"https:\/\/wamigrooming.com\/fr\/politique-de-confidentialite\/#breadcrumb","itemListElement":[{"@type":"ListItem","position":1,"name":"Home","item":"https:\/\/wamigrooming.com\/fr\/"},{"@type":"ListItem","position":2,"name":"Politique de confidentialit\u00e9"}]},{"@type":"WebSite","@id":"https:\/\/wamigrooming.com\/fr\/#website","url":"https:\/\/wamigrooming.com\/fr\/","name":"Wami","description":"","potentialAction":[{"@type":"SearchAction","target":{"@type":"EntryPoint","urlTemplate":"https:\/\/wamigrooming.com\/fr\/?s={search_term_string}"},"query-input":{"@type":"PropertyValueSpecification","valueRequired":true,"valueName":"search_term_string"}}],"inLanguage":"fr-FR"}]}},"_links":{"self":[{"href":"https:\/\/wamigrooming.com\/fr\/wp-json\/wp\/v2\/pages\/812","targetHints":{"allow":["GET"]}}],"collection":[{"href":"https:\/\/wamigrooming.com\/fr\/wp-json\/wp\/v2\/pages"}],"about":[{"href":"https:\/\/wamigrooming.com\/fr\/wp-json\/wp\/v2\/types\/page"}],"author":[{"embeddable":true,"href":"https:\/\/wamigrooming.com\/fr\/wp-json\/wp\/v2\/users\/459"}],"replies":[{"embeddable":true,"href":"https:\/\/wamigrooming.com\/fr\/wp-json\/wp\/v2\/comments?post=812"}],"version-history":[{"count":0,"href":"https:\/\/wamigrooming.com\/fr\/wp-json\/wp\/v2\/pages\/812\/revisions"}],"wp:attachment":[{"href":"https:\/\/wamigrooming.com\/fr\/wp-json\/wp\/v2\/media?parent=812"}],"curies":[{"name":"wp","href":"https:\/\/api.w.org\/{rel}","templated":true}]}}