{"id":976,"date":"2025-04-04T12:16:23","date_gmt":"2025-04-04T10:16:23","guid":{"rendered":"https:\/\/wamigrooming.com\/cookie-policy\/"},"modified":"2025-05-06T15:04:57","modified_gmt":"2025-05-06T13:04:57","slug":"cookie-policy","status":"publish","type":"page","link":"https:\/\/wamigrooming.com\/fr\/cookie-policy\/","title":{"rendered":"Poltique des cookies"},"content":{"rendered":"<h3 class=\"\" data-start=\"3560\" data-end=\"3604\"><strong data-start=\"3564\" data-end=\"3602\">Politique de gestion des cookies<\/strong><\/h3>\n<p class=\"\" data-start=\"3605\" data-end=\"3633\"><strong data-start=\"3605\" data-end=\"3633\">Derni\u00e8re mise \u00e0 jour : 10\/03\/2025<\/strong><\/p>\n<p class=\"\" data-start=\"3635\" data-end=\"3782\">Cette politique explique comment et pourquoi nous utilisons ces technologies et comment vous pouvez g\u00e9rer vos pr\u00e9f\u00e9rences quand vous naviguez sur le site <a class=\"\" href=\"http:\/\/www.wamigrooming.com\" target=\"_new\" rel=\"noopener\" data-start=\"3761\" data-end=\"3781\">www.wamigrooming.com. <\/a><\/p>\n<h3 data-start=\"3784\" data-end=\"4015\"><strong data-start=\"3784\" data-end=\"3808\">1. Qu\u2019est-ce qu\u2019un cookie ?<\/strong><\/h3>\n<p class=\"\" data-start=\"3784\" data-end=\"4015\">Un cookie est un petit fichier texte enregistr\u00e9 sur votre appareil (ordinateur, tablette, smartphone) lorsque vous visitez un site web. Il permet de stocker des informations sur votre navigation afin d\u2019am\u00e9liorer votre exp\u00e9rience utilisateur.<\/p>\n<p class=\"\" data-start=\"4017\" data-end=\"4052\">Il existe plusieurs types de cookies :<\/p>\n<ul data-start=\"4054\" data-end=\"4327\">\n<li class=\"\" data-start=\"4054\" data-end=\"4128\">\n<p class=\"\" data-start=\"4056\" data-end=\"4128\">Cookies essentiels : n\u00e9cessaires au bon fonctionnement du site.<\/p>\n<\/li>\n<li class=\"\" data-start=\"4129\" data-end=\"4199\">\n<p class=\"\" data-start=\"4131\" data-end=\"4199\">Cookies analytiques : permettent d\u2019obtenir des statistiques de fr\u00e9quentation.<\/p>\n<\/li>\n<li class=\"\" data-start=\"4200\" data-end=\"4274\">\n<p class=\"\" data-start=\"4202\" data-end=\"4274\">Cookies de personnalisation : adaptent le contenu affich\u00e9 \u00e0 vos pr\u00e9f\u00e9rences.<\/p>\n<\/li>\n<li class=\"\" data-start=\"4275\" data-end=\"4327\">\n<p class=\"\" data-start=\"4277\" data-end=\"4327\">Cookies publicitaires : utilis\u00e9s pour afficher des annonces cibl\u00e9es.<\/p>\n<\/li>\n<\/ul>\n<h3 data-start=\"4329\" data-end=\"4434\"><strong data-start=\"4329\" data-end=\"4359\">2. Quels cookies utilisons-nous ?<\/strong><\/h3>\n<p class=\"\" data-start=\"4329\" data-end=\"4434\">Lorsque vous naviguez sur notre site, nous pouvons utiliser les cat\u00e9gories suivantes de cookies :<\/p>\n<ul data-start=\"4436\" data-end=\"5295\">\n<li class=\"\" data-start=\"4436\" data-end=\"4696\">\n<p class=\"\" data-start=\"4438\" data-end=\"4696\"><strong data-start=\"4438\" data-end=\"4468\">Cookies strictement n\u00e9cessaires<br \/>\n<\/strong>Ces cookies sont indispensables au bon fonctionnement du site et ne peuvent pas \u00eatre d\u00e9sactiv\u00e9s dans nos syst\u00e8mes. Ils sont g\u00e9n\u00e9ralement activ\u00e9s en r\u00e9ponse \u00e0 des actions que vous effectuez, comme la connexion \u00e0 votre compte ou la gestion de vos pr\u00e9f\u00e9rences de confidentialit\u00e9.<\/p>\n<\/li>\n<li class=\"\" data-start=\"4698\" data-end=\"4918\">\n<p class=\"\" data-start=\"4700\" data-end=\"4918\"><strong data-start=\"4700\" data-end=\"4737\">Cookies de performance et d\u2019analyse<br \/>\n<\/strong>Ces cookies nous permettent d\u2019analyser le trafic et l\u2019utilisation du site afin d\u2019en am\u00e9liorer la performance. Nous utilisons notamment Google Analytics pour collecter des informations anonymis\u00e9es sur la mani\u00e8re dont les visiteurs interagissent avec notre site.<\/p>\n<\/li>\n<li class=\"\" data-start=\"4920\" data-end=\"5076\">\n<p class=\"\" data-start=\"4922\" data-end=\"5076\"><strong data-start=\"4922\" data-end=\"4947\">Cookies de fonctionnalit\u00e9<br \/>\n<\/strong>Ils permettent au site de se souvenir de vos choix et de vous offrir une exp\u00e9rience utilisateur personnalis\u00e9e (ex. : sauvegarde des pr\u00e9f\u00e9rences linguistiques).<\/p>\n<\/li>\n<li class=\"\" data-start=\"5078\" data-end=\"5295\">\n<p class=\"\" data-start=\"5080\" data-end=\"5295\"><strong data-start=\"5080\" data-end=\"5120\">Cookies publicitaires et r\u00e9seaux sociaux<br \/>\n<\/strong>Ces cookies peuvent \u00eatre plac\u00e9s par nos partenaires publicitaires et permettent d\u2019afficher des contenus pertinents en fonction de votre navigation. Ils sont \u00e9galement utilis\u00e9s pour faciliter le partage de contenu sur les r\u00e9seaux sociaux.<\/p>\n<\/li>\n<\/ul>\n<h3 data-start=\"5297\" data-end=\"5574\"><strong data-start=\"5297\" data-end=\"5321\">3. Gestion des cookies<\/strong><\/h3>\n<p class=\"\" data-start=\"5297\" data-end=\"5574\">Lors de votre premi\u00e8re visite sur notre site, un bandeau d\u2019information vous invite \u00e0 accepter ou refuser l\u2019utilisation des cookies non essentiels. Vous pouvez modifier vos pr\u00e9f\u00e9rences \u00e0 tout moment en acc\u00e9dant aux param\u00e8tres de votre navigateur ou via notre outil de gestion des cookies disponible en bas de page.<\/p>\n<p class=\"\" data-start=\"5576\" data-end=\"5712\"><strong data-start=\"5576\" data-end=\"5615\">D\u00e9sactivation des cookies via votre navigateur:<br data-start=\"5615\" data-end=\"5618\" \/><\/strong>Vous pouvez configurer votre navigateur pour bloquer ou supprimer les cookies en suivant les instructions ci-dessous :<\/p>\n<p class=\"\" data-start=\"5716\" data-end=\"5796\">Google Chrome : [Param\u00e8tres &gt; Confidentialit\u00e9 et s\u00e9curit\u00e9 &gt; Cookies et autres donn\u00e9es de site]<\/p>\n<p class=\"\" data-start=\"5799\" data-end=\"5872\">Mozilla Firefox : [Options &gt; Vie priv\u00e9e et s\u00e9curit\u00e9 &gt; Cookies et donn\u00e9es de sites]<\/p>\n<p class=\"\" data-start=\"5875\" data-end=\"5925\">Safari : [R\u00e9glages &gt; Safari &gt; Confidentialit\u00e9 et s\u00e9curit\u00e9]<\/p>\n<p class=\"\" data-start=\"5928\" data-end=\"5987\">Microsoft Edge : [Param\u00e8tres &gt; Cookies et autorisations de site]<\/p>\n<p class=\"\" data-start=\"5989\" data-end=\"6064\"><strong data-start=\"5989\" data-end=\"5998\">Attention<\/strong> : le blocage de certains cookies peut impacter certaines fonctionnalit\u00e9s du site.<\/p>\n<h3 data-start=\"6066\" data-end=\"6235\"><strong data-start=\"6066\" data-end=\"6096\">4. Dur\u00e9e de conservation des cookies<\/strong><\/h3>\n<p class=\"\" data-start=\"6066\" data-end=\"6235\">Les cookies sont conserv\u00e9s pour une dur\u00e9e maximale de 13 mois \u00e0 compter de leur d\u00e9p\u00f4t sur votre appareil, conform\u00e9ment \u00e0 la r\u00e9glementation en vigueur.<\/p>\n<h3 data-start=\"6237\" data-end=\"6448\"><strong data-start=\"6237\" data-end=\"6272\">5. Mises \u00e0 jour de la politique des cookies<\/strong><\/h3>\n<p class=\"\" data-start=\"6237\" data-end=\"6448\">Nous pouvons \u00eatre amen\u00e9s \u00e0 modifier cette politique pour refl\u00e9ter les \u00e9volutions l\u00e9gales ou techniques. Toute mise \u00e0 jour sera publi\u00e9e sur cette page et, le cas \u00e9ch\u00e9ant, nous vous informerons des changements significatifs.<\/p>\n<h3 data-start=\"6450\" data-end=\"6603\"><strong data-start=\"6450\" data-end=\"6464\">6. Contact<\/strong><\/h3>\n<p class=\"\" data-start=\"6450\" data-end=\"6603\">Pour toute question concernant notre utilisation des cookies, vous pouvez nous contacter \u00e0 :<br data-start=\"6537\" data-end=\"6540\" \/>Courriel : info@wamigrooming.com<br data-start=\"6568\" data-end=\"6571\" \/>Adresse : Boulevard de la Cambre 10, 1000 Bruxelles<\/p>\n","protected":false},"excerpt":{"rendered":"<p>Politique de gestion des cookies Derni\u00e8re mise \u00e0 jour : 10\/03\/2025 Cette politique explique comment et pourquoi nous utilisons ces technologies et comment vous pouvez g\u00e9rer vos pr\u00e9f\u00e9rences quand vous naviguez sur le site www.wamigrooming.com. 1. Qu\u2019est-ce qu\u2019un cookie ? Un cookie est un petit fichier texte enregistr\u00e9 sur votre appareil (ordinateur, tablette, smartphone) lorsque [&hellip;]<\/p>\n","protected":false},"author":459,"featured_media":0,"parent":0,"menu_order":0,"comment_status":"closed","ping_status":"closed","template":"templates\/template-defaultpage.php","meta":{"_acf_changed":false,"inline_featured_image":false,"_themeisle_gutenberg_block_has_review":false,"footnotes":""},"class_list":["post-976","page","type-page","status-publish","hentry"],"acf":[],"yoast_head":"<!-- This site is optimized with the Yoast SEO plugin v27.2 - https:\/\/yoast.com\/product\/yoast-seo-wordpress\/ -->\n<title>Politique des Cookies - WAMI Grooming<\/title>\n<meta name=\"description\" content=\"Consultez notre Politique des Cookies pour savoir comment WAMI Grooming utilise les cookies sur ce site web.\" \/>\n<meta name=\"robots\" content=\"index, follow, max-snippet:-1, max-image-preview:large, max-video-preview:-1\" \/>\n<link rel=\"canonical\" href=\"https:\/\/wamigrooming.com\/fr\/cookie-policy\/\" \/>\n<meta property=\"og:locale\" content=\"fr_FR\" \/>\n<meta property=\"og:type\" content=\"article\" \/>\n<meta property=\"og:title\" content=\"Politique des Cookies - WAMI Grooming\" \/>\n<meta property=\"og:description\" content=\"Consultez notre Politique des Cookies pour savoir comment WAMI Grooming utilise les cookies sur ce site web.\" \/>\n<meta property=\"og:url\" content=\"https:\/\/wamigrooming.com\/fr\/cookie-policy\/\" \/>\n<meta property=\"og:site_name\" content=\"Wami\" \/>\n<meta property=\"article:modified_time\" content=\"2025-05-06T13:04:57+00:00\" \/>\n<meta name=\"twitter:card\" content=\"summary_large_image\" \/>\n<meta name=\"twitter:label1\" content=\"Dur\u00e9e de lecture estim\u00e9e\" \/>\n\t<meta name=\"twitter:data1\" content=\"3 minutes\" \/>\n<script type=\"application\/ld+json\" class=\"yoast-schema-graph\">{\"@context\":\"https:\/\/schema.org\",\"@graph\":[{\"@type\":\"WebPage\",\"@id\":\"https:\/\/wamigrooming.com\/fr\/cookie-policy\/\",\"url\":\"https:\/\/wamigrooming.com\/fr\/cookie-policy\/\",\"name\":\"Politique des Cookies - WAMI Grooming\",\"isPartOf\":{\"@id\":\"https:\/\/wamigrooming.com\/fr\/#website\"},\"datePublished\":\"2025-04-04T10:16:23+00:00\",\"dateModified\":\"2025-05-06T13:04:57+00:00\",\"description\":\"Consultez notre Politique des Cookies pour savoir comment WAMI Grooming utilise les cookies sur ce site web.\",\"breadcrumb\":{\"@id\":\"https:\/\/wamigrooming.com\/fr\/cookie-policy\/#breadcrumb\"},\"inLanguage\":\"fr-FR\",\"potentialAction\":[{\"@type\":\"ReadAction\",\"target\":[\"https:\/\/wamigrooming.com\/fr\/cookie-policy\/\"]}]},{\"@type\":\"BreadcrumbList\",\"@id\":\"https:\/\/wamigrooming.com\/fr\/cookie-policy\/#breadcrumb\",\"itemListElement\":[{\"@type\":\"ListItem\",\"position\":1,\"name\":\"Home\",\"item\":\"https:\/\/wamigrooming.com\/fr\/\"},{\"@type\":\"ListItem\",\"position\":2,\"name\":\"Poltique des cookies\"}]},{\"@type\":\"WebSite\",\"@id\":\"https:\/\/wamigrooming.com\/fr\/#website\",\"url\":\"https:\/\/wamigrooming.com\/fr\/\",\"name\":\"Wami\",\"description\":\"\",\"potentialAction\":[{\"@type\":\"SearchAction\",\"target\":{\"@type\":\"EntryPoint\",\"urlTemplate\":\"https:\/\/wamigrooming.com\/fr\/?s={search_term_string}\"},\"query-input\":{\"@type\":\"PropertyValueSpecification\",\"valueRequired\":true,\"valueName\":\"search_term_string\"}}],\"inLanguage\":\"fr-FR\"}]}<\/script>\n<!-- \/ Yoast SEO plugin. -->","yoast_head_json":{"title":"Politique des Cookies - WAMI Grooming","description":"Consultez notre Politique des Cookies pour savoir comment WAMI Grooming utilise les cookies sur ce site web.","robots":{"index":"index","follow":"follow","max-snippet":"max-snippet:-1","max-image-preview":"max-image-preview:large","max-video-preview":"max-video-preview:-1"},"canonical":"https:\/\/wamigrooming.com\/fr\/cookie-policy\/","og_locale":"fr_FR","og_type":"article","og_title":"Politique des Cookies - WAMI Grooming","og_description":"Consultez notre Politique des Cookies pour savoir comment WAMI Grooming utilise les cookies sur ce site web.","og_url":"https:\/\/wamigrooming.com\/fr\/cookie-policy\/","og_site_name":"Wami","article_modified_time":"2025-05-06T13:04:57+00:00","twitter_card":"summary_large_image","twitter_misc":{"Dur\u00e9e de lecture estim\u00e9e":"3 minutes"},"schema":{"@context":"https:\/\/schema.org","@graph":[{"@type":"WebPage","@id":"https:\/\/wamigrooming.com\/fr\/cookie-policy\/","url":"https:\/\/wamigrooming.com\/fr\/cookie-policy\/","name":"Politique des Cookies - WAMI Grooming","isPartOf":{"@id":"https:\/\/wamigrooming.com\/fr\/#website"},"datePublished":"2025-04-04T10:16:23+00:00","dateModified":"2025-05-06T13:04:57+00:00","description":"Consultez notre Politique des Cookies pour savoir comment WAMI Grooming utilise les cookies sur ce site web.","breadcrumb":{"@id":"https:\/\/wamigrooming.com\/fr\/cookie-policy\/#breadcrumb"},"inLanguage":"fr-FR","potentialAction":[{"@type":"ReadAction","target":["https:\/\/wamigrooming.com\/fr\/cookie-policy\/"]}]},{"@type":"BreadcrumbList","@id":"https:\/\/wamigrooming.com\/fr\/cookie-policy\/#breadcrumb","itemListElement":[{"@type":"ListItem","position":1,"name":"Home","item":"https:\/\/wamigrooming.com\/fr\/"},{"@type":"ListItem","position":2,"name":"Poltique des cookies"}]},{"@type":"WebSite","@id":"https:\/\/wamigrooming.com\/fr\/#website","url":"https:\/\/wamigrooming.com\/fr\/","name":"Wami","description":"","potentialAction":[{"@type":"SearchAction","target":{"@type":"EntryPoint","urlTemplate":"https:\/\/wamigrooming.com\/fr\/?s={search_term_string}"},"query-input":{"@type":"PropertyValueSpecification","valueRequired":true,"valueName":"search_term_string"}}],"inLanguage":"fr-FR"}]}},"_links":{"self":[{"href":"https:\/\/wamigrooming.com\/fr\/wp-json\/wp\/v2\/pages\/976","targetHints":{"allow":["GET"]}}],"collection":[{"href":"https:\/\/wamigrooming.com\/fr\/wp-json\/wp\/v2\/pages"}],"about":[{"href":"https:\/\/wamigrooming.com\/fr\/wp-json\/wp\/v2\/types\/page"}],"author":[{"embeddable":true,"href":"https:\/\/wamigrooming.com\/fr\/wp-json\/wp\/v2\/users\/459"}],"replies":[{"embeddable":true,"href":"https:\/\/wamigrooming.com\/fr\/wp-json\/wp\/v2\/comments?post=976"}],"version-history":[{"count":0,"href":"https:\/\/wamigrooming.com\/fr\/wp-json\/wp\/v2\/pages\/976\/revisions"}],"wp:attachment":[{"href":"https:\/\/wamigrooming.com\/fr\/wp-json\/wp\/v2\/media?parent=976"}],"curies":[{"name":"wp","href":"https:\/\/api.w.org\/{rel}","templated":true}]}}